{"id":698,"date":"2021-08-20T08:42:21","date_gmt":"2021-08-20T08:42:21","guid":{"rendered":"https:\/\/buur.devmoagency.com\/product\/single-prong-weeder\/"},"modified":"2024-04-11T08:38:38","modified_gmt":"2024-04-11T08:38:38","slug":"buur-azure","status":"publish","type":"product","link":"https:\/\/buur.devmoagency.com\/fr\/produit\/buur-azure\/","title":{"rendered":"BuuR Azure"},"content":{"rendered":"<p>Notre chemise noire \u00e0 manches longues avec un superbe logo Burr 3D en broderie en daim bleu clair. Faites l'exp\u00e9rience du confort et du style avec notre m\u00e9lange de tissus de haute qualit\u00e9, respirant et flexible : 42 % coton, 51 % polyester et 6,1 % \u00e9lasthanne.<\/p>\n<p><strong>INFORMATIONS<\/strong><\/p>\n<p>Couleur: <a style=\"color: #7d7d7d;\">Noir<\/a><br \/>\nTaille: <a style=\"color: #7d7d7d;\">S, M, L, XL, 2XL<\/a><br \/>\nMat\u00e9riel: <a style=\"color: #7d7d7d;\">42% Cotton, 51% Polyester, 6.1% Elastane<\/a><\/p>","protected":false},"excerpt":{"rendered":"<p>Notre chemise noire \u00e0 manches longues avec un superbe logo Burr 3D en broderie en daim bleu clair. Faites l'exp\u00e9rience du confort et du style avec notre m\u00e9lange de tissus de haute qualit\u00e9, respirant et flexible : 42 % coton, 51 % polyester et 6,1 % \u00e9lasthanne.<\/p>","protected":false},"featured_media":1625,"comment_status":"open","ping_status":"closed","template":"","meta":{"site-sidebar-layout":"default","site-content-layout":"content-boxed-container","ast-site-content-layout":"normal-width-container","site-content-style":"boxed","site-sidebar-style":"unboxed","ast-global-header-display":"","ast-banner-title-visibility":"","ast-main-header-display":"","ast-hfb-above-header-display":"","ast-hfb-below-header-display":"","ast-hfb-mobile-header-display":"","site-post-title":"","ast-breadcrumbs-content":"","ast-featured-img":"","footer-sml-layout":"","theme-transparent-header-meta":"default","adv-header-id-meta":"","stick-header-meta":"","header-above-stick-meta":"","header-main-stick-meta":"","header-below-stick-meta":"","astra-migrate-meta-layouts":"set","ast-page-background-enabled":"default","ast-page-background-meta":{"desktop":{"background-color":"var(--ast-global-color-4)","background-image":"","background-repeat":"repeat","background-position":"center center","background-size":"auto","background-attachment":"scroll","background-type":"","background-media":"","overlay-type":"","overlay-color":"","overlay-gradient":""},"tablet":{"background-color":"","background-image":"","background-repeat":"repeat","background-position":"center center","background-size":"auto","background-attachment":"scroll","background-type":"","background-media":"","overlay-type":"","overlay-color":"","overlay-gradient":""},"mobile":{"background-color":"","background-image":"","background-repeat":"repeat","background-position":"center center","background-size":"auto","background-attachment":"scroll","background-type":"","background-media":"","overlay-type":"","overlay-color":"","overlay-gradient":""}},"ast-content-background-meta":{"desktop":{"background-color":"var(--ast-global-color-5)","background-image":"","background-repeat":"repeat","background-position":"center center","background-size":"auto","background-attachment":"scroll","background-type":"","background-media":"","overlay-type":"","overlay-color":"","overlay-gradient":""},"tablet":{"background-color":"var(--ast-global-color-5)","background-image":"","background-repeat":"repeat","background-position":"center center","background-size":"auto","background-attachment":"scroll","background-type":"","background-media":"","overlay-type":"","overlay-color":"","overlay-gradient":""},"mobile":{"background-color":"var(--ast-global-color-5)","background-image":"","background-repeat":"repeat","background-position":"center center","background-size":"auto","background-attachment":"scroll","background-type":"","background-media":"","overlay-type":"","overlay-color":"","overlay-gradient":""}}},"product_cat":[46,49,36],"product_tag":[],"yoast_head":"<!-- This site is optimized with the Yoast SEO plugin v24.5 - https:\/\/yoast.com\/wordpress\/plugins\/seo\/ -->\n<title>BuuR Azure - BuuR<\/title>\n<meta name=\"robots\" content=\"index, follow, max-snippet:-1, max-image-preview:large, max-video-preview:-1\" \/>\n<link rel=\"canonical\" href=\"https:\/\/buur.devmoagency.com\/fr\/produit\/buur-azure\/\" \/>\n<meta property=\"og:locale\" content=\"fr_FR\" \/>\n<meta property=\"og:type\" content=\"article\" \/>\n<meta property=\"og:title\" content=\"BuuR Azure - BuuR\" \/>\n<meta property=\"og:description\" content=\"Introducing our black long sleeve shirt featuring an exquisite 3D Burr logo in light blue suede embroidery. Experience comfort and style with our high-quality, breathable, and flexible fabric blend: 42% cotton, 51% polyester, and 6.1% elastane.\" \/>\n<meta property=\"og:url\" content=\"https:\/\/buur.devmoagency.com\/fr\/produit\/buur-azure\/\" \/>\n<meta property=\"og:site_name\" content=\"BuuR\" \/>\n<meta property=\"article:modified_time\" content=\"2024-04-11T08:38:38+00:00\" \/>\n<meta property=\"og:image\" content=\"https:\/\/buur.devmoagency.com\/wp-content\/uploads\/2021\/08\/P1125540-scaled.jpg\" \/>\n\t<meta property=\"og:image:width\" content=\"1437\" \/>\n\t<meta property=\"og:image:height\" content=\"2560\" \/>\n\t<meta property=\"og:image:type\" content=\"image\/jpeg\" \/>\n<meta name=\"twitter:card\" content=\"summary_large_image\" \/>\n<meta name=\"twitter:label1\" content=\"Dur\u00e9e de lecture estim\u00e9e\" \/>\n\t<meta name=\"twitter:data1\" content=\"1 minute\" \/>\n<script type=\"application\/ld+json\" class=\"yoast-schema-graph\">{\"@context\":\"https:\/\/schema.org\",\"@graph\":[{\"@type\":\"WebPage\",\"@id\":\"https:\/\/buur.devmoagency.com\/product\/buur-azure\/\",\"url\":\"https:\/\/buur.devmoagency.com\/product\/buur-azure\/\",\"name\":\"BuuR Azure - BuuR\",\"isPartOf\":{\"@id\":\"https:\/\/buur.devmoagency.com\/#website\"},\"primaryImageOfPage\":{\"@id\":\"https:\/\/buur.devmoagency.com\/product\/buur-azure\/#primaryimage\"},\"image\":{\"@id\":\"https:\/\/buur.devmoagency.com\/product\/buur-azure\/#primaryimage\"},\"thumbnailUrl\":\"https:\/\/buur.devmoagency.com\/wp-content\/uploads\/2021\/08\/P1125540-scaled.jpg\",\"datePublished\":\"2021-08-20T08:42:21+00:00\",\"dateModified\":\"2024-04-11T08:38:38+00:00\",\"breadcrumb\":{\"@id\":\"https:\/\/buur.devmoagency.com\/product\/buur-azure\/#breadcrumb\"},\"inLanguage\":\"fr-FR\",\"potentialAction\":[{\"@type\":\"ReadAction\",\"target\":[\"https:\/\/buur.devmoagency.com\/product\/buur-azure\/\"]}]},{\"@type\":\"ImageObject\",\"inLanguage\":\"fr-FR\",\"@id\":\"https:\/\/buur.devmoagency.com\/product\/buur-azure\/#primaryimage\",\"url\":\"https:\/\/buur.devmoagency.com\/wp-content\/uploads\/2021\/08\/P1125540-scaled.jpg\",\"contentUrl\":\"https:\/\/buur.devmoagency.com\/wp-content\/uploads\/2021\/08\/P1125540-scaled.jpg\",\"width\":1437,\"height\":2560},{\"@type\":\"BreadcrumbList\",\"@id\":\"https:\/\/buur.devmoagency.com\/product\/buur-azure\/#breadcrumb\",\"itemListElement\":[{\"@type\":\"ListItem\",\"position\":1,\"name\":\"Home\",\"item\":\"https:\/\/buur.devmoagency.com\/\"},{\"@type\":\"ListItem\",\"position\":2,\"name\":\"Shop\",\"item\":\"https:\/\/buur.devmoagency.com\/shop\/\"},{\"@type\":\"ListItem\",\"position\":3,\"name\":\"BuuR Azure\"}]},{\"@type\":\"WebSite\",\"@id\":\"https:\/\/buur.devmoagency.com\/#website\",\"url\":\"https:\/\/buur.devmoagency.com\/\",\"name\":\"BuuR\",\"description\":\"Where African elegance meets modern luxury\",\"publisher\":{\"@id\":\"https:\/\/buur.devmoagency.com\/#organization\"},\"potentialAction\":[{\"@type\":\"SearchAction\",\"target\":{\"@type\":\"EntryPoint\",\"urlTemplate\":\"https:\/\/buur.devmoagency.com\/?s={search_term_string}\"},\"query-input\":{\"@type\":\"PropertyValueSpecification\",\"valueRequired\":true,\"valueName\":\"search_term_string\"}}],\"inLanguage\":\"fr-FR\"},{\"@type\":\"Organization\",\"@id\":\"https:\/\/buur.devmoagency.com\/#organization\",\"name\":\"BuuR\",\"url\":\"https:\/\/buur.devmoagency.com\/\",\"logo\":{\"@type\":\"ImageObject\",\"inLanguage\":\"fr-FR\",\"@id\":\"https:\/\/buur.devmoagency.com\/#\/schema\/logo\/image\/\",\"url\":\"https:\/\/buur.devmoagency.com\/wp-content\/uploads\/2021\/08\/Buur_Logo-e1712270293506.png\",\"contentUrl\":\"https:\/\/buur.devmoagency.com\/wp-content\/uploads\/2021\/08\/Buur_Logo-e1712270293506.png\",\"width\":355,\"height\":409,\"caption\":\"BuuR\"},\"image\":{\"@id\":\"https:\/\/buur.devmoagency.com\/#\/schema\/logo\/image\/\"}}]}<\/script>\n<!-- \/ Yoast SEO plugin. -->","yoast_head_json":{"title":"BuuR Azure - BuuR","robots":{"index":"index","follow":"follow","max-snippet":"max-snippet:-1","max-image-preview":"max-image-preview:large","max-video-preview":"max-video-preview:-1"},"canonical":"https:\/\/buur.devmoagency.com\/fr\/produit\/buur-azure\/","og_locale":"fr_FR","og_type":"article","og_title":"BuuR Azure - BuuR","og_description":"Introducing our black long sleeve shirt featuring an exquisite 3D Burr logo in light blue suede embroidery. Experience comfort and style with our high-quality, breathable, and flexible fabric blend: 42% cotton, 51% polyester, and 6.1% elastane.","og_url":"https:\/\/buur.devmoagency.com\/fr\/produit\/buur-azure\/","og_site_name":"BuuR","article_modified_time":"2024-04-11T08:38:38+00:00","og_image":[{"width":1437,"height":2560,"url":"https:\/\/buur.devmoagency.com\/wp-content\/uploads\/2021\/08\/P1125540-scaled.jpg","type":"image\/jpeg"}],"twitter_card":"summary_large_image","twitter_misc":{"Dur\u00e9e de lecture estim\u00e9e":"1 minute"},"schema":{"@context":"https:\/\/schema.org","@graph":[{"@type":"WebPage","@id":"https:\/\/buur.devmoagency.com\/product\/buur-azure\/","url":"https:\/\/buur.devmoagency.com\/product\/buur-azure\/","name":"BuuR Azure - BuuR","isPartOf":{"@id":"https:\/\/buur.devmoagency.com\/#website"},"primaryImageOfPage":{"@id":"https:\/\/buur.devmoagency.com\/product\/buur-azure\/#primaryimage"},"image":{"@id":"https:\/\/buur.devmoagency.com\/product\/buur-azure\/#primaryimage"},"thumbnailUrl":"https:\/\/buur.devmoagency.com\/wp-content\/uploads\/2021\/08\/P1125540-scaled.jpg","datePublished":"2021-08-20T08:42:21+00:00","dateModified":"2024-04-11T08:38:38+00:00","breadcrumb":{"@id":"https:\/\/buur.devmoagency.com\/product\/buur-azure\/#breadcrumb"},"inLanguage":"fr-FR","potentialAction":[{"@type":"ReadAction","target":["https:\/\/buur.devmoagency.com\/product\/buur-azure\/"]}]},{"@type":"ImageObject","inLanguage":"fr-FR","@id":"https:\/\/buur.devmoagency.com\/product\/buur-azure\/#primaryimage","url":"https:\/\/buur.devmoagency.com\/wp-content\/uploads\/2021\/08\/P1125540-scaled.jpg","contentUrl":"https:\/\/buur.devmoagency.com\/wp-content\/uploads\/2021\/08\/P1125540-scaled.jpg","width":1437,"height":2560},{"@type":"BreadcrumbList","@id":"https:\/\/buur.devmoagency.com\/product\/buur-azure\/#breadcrumb","itemListElement":[{"@type":"ListItem","position":1,"name":"Home","item":"https:\/\/buur.devmoagency.com\/"},{"@type":"ListItem","position":2,"name":"Shop","item":"https:\/\/buur.devmoagency.com\/shop\/"},{"@type":"ListItem","position":3,"name":"BuuR Azure"}]},{"@type":"WebSite","@id":"https:\/\/buur.devmoagency.com\/#website","url":"https:\/\/buur.devmoagency.com\/","name":"BuuR","description":"Where African elegance meets modern luxury","publisher":{"@id":"https:\/\/buur.devmoagency.com\/#organization"},"potentialAction":[{"@type":"SearchAction","target":{"@type":"EntryPoint","urlTemplate":"https:\/\/buur.devmoagency.com\/?s={search_term_string}"},"query-input":{"@type":"PropertyValueSpecification","valueRequired":true,"valueName":"search_term_string"}}],"inLanguage":"fr-FR"},{"@type":"Organization","@id":"https:\/\/buur.devmoagency.com\/#organization","name":"BuuR","url":"https:\/\/buur.devmoagency.com\/","logo":{"@type":"ImageObject","inLanguage":"fr-FR","@id":"https:\/\/buur.devmoagency.com\/#\/schema\/logo\/image\/","url":"https:\/\/buur.devmoagency.com\/wp-content\/uploads\/2021\/08\/Buur_Logo-e1712270293506.png","contentUrl":"https:\/\/buur.devmoagency.com\/wp-content\/uploads\/2021\/08\/Buur_Logo-e1712270293506.png","width":355,"height":409,"caption":"BuuR"},"image":{"@id":"https:\/\/buur.devmoagency.com\/#\/schema\/logo\/image\/"}}]}},"_links":{"self":[{"href":"https:\/\/buur.devmoagency.com\/fr\/wp-json\/wp\/v2\/product\/698"}],"collection":[{"href":"https:\/\/buur.devmoagency.com\/fr\/wp-json\/wp\/v2\/product"}],"about":[{"href":"https:\/\/buur.devmoagency.com\/fr\/wp-json\/wp\/v2\/types\/product"}],"replies":[{"embeddable":true,"href":"https:\/\/buur.devmoagency.com\/fr\/wp-json\/wp\/v2\/comments?post=698"}],"version-history":[{"count":0,"href":"https:\/\/buur.devmoagency.com\/fr\/wp-json\/wp\/v2\/product\/698\/revisions"}],"wp:featuredmedia":[{"embeddable":true,"href":"https:\/\/buur.devmoagency.com\/fr\/wp-json\/wp\/v2\/media\/1625"}],"wp:attachment":[{"href":"https:\/\/buur.devmoagency.com\/fr\/wp-json\/wp\/v2\/media?parent=698"}],"wp:term":[{"taxonomy":"product_cat","embeddable":true,"href":"https:\/\/buur.devmoagency.com\/fr\/wp-json\/wp\/v2\/product_cat?post=698"},{"taxonomy":"product_tag","embeddable":true,"href":"https:\/\/buur.devmoagency.com\/fr\/wp-json\/wp\/v2\/product_tag?post=698"}],"curies":[{"name":"wp","href":"https:\/\/api.w.org\/{rel}","templated":true}]}}