{"id":252,"date":"2021-08-18T05:35:45","date_gmt":"2021-08-18T05:35:45","guid":{"rendered":"https:\/\/buur.devmoagency.com\/about\/"},"modified":"2024-06-05T14:48:42","modified_gmt":"2024-06-05T14:48:42","slug":"about","status":"publish","type":"page","link":"https:\/\/buur.devmoagency.com\/fr\/about\/","title":{"rendered":"About"},"content":{"rendered":"<div data-elementor-type=\"wp-page\" data-elementor-id=\"252\" class=\"elementor elementor-252\" data-elementor-post-type=\"page\">\n\t\t\t\t\t\t<section data-particle_enable=\"false\" data-particle-mobile-disabled=\"false\" class=\"elementor-section elementor-top-section elementor-element elementor-element-174797b9 elementor-section-content-middle elementor-section-full_width elementor-section-height-min-height elementor-section-items-stretch elementor-section-height-default\" data-id=\"174797b9\" data-element_type=\"section\">\n\t\t\t\t\t\t<div class=\"elementor-container elementor-column-gap-no\">\n\t\t\t\t\t<div class=\"elementor-column elementor-col-50 elementor-top-column elementor-element elementor-element-6691cc7\" data-id=\"6691cc7\" data-element_type=\"column\">\n\t\t\t<div class=\"elementor-widget-wrap elementor-element-populated\">\n\t\t\t\t\t\t<div class=\"elementor-element elementor-element-7e1befb5 elementor-widget elementor-widget-heading\" data-id=\"7e1befb5\" data-element_type=\"widget\" data-widget_type=\"heading.default\">\n\t\t\t\t<div class=\"elementor-widget-container\">\n\t\t\t<style>\/*! elementor - v3.20.0 - 26-03-2024 *\/\n.elementor-heading-title{padding:0;margin:0;line-height:1}.elementor-widget-heading .elementor-heading-title[class*=elementor-size-]>a{color:inherit;font-size:inherit;line-height:inherit}.elementor-widget-heading .elementor-heading-title.elementor-size-small{font-size:15px}.elementor-widget-heading .elementor-heading-title.elementor-size-medium{font-size:19px}.elementor-widget-heading .elementor-heading-title.elementor-size-large{font-size:29px}.elementor-widget-heading .elementor-heading-title.elementor-size-xl{font-size:39px}.elementor-widget-heading .elementor-heading-title.elementor-size-xxl{font-size:59px}<\/style><h1 class=\"elementor-heading-title elementor-size-default\">Qui Sommes-Nous ?<\/h1>\t\t<\/div>\n\t\t\t\t<\/div>\n\t\t\t\t<div class=\"elementor-element elementor-element-70aa4b60 elementor-widget elementor-widget-text-editor\" data-id=\"70aa4b60\" data-element_type=\"widget\" data-widget_type=\"text-editor.default\">\n\t\t\t\t<div class=\"elementor-widget-container\">\n\t\t\t<style>\/*! elementor - v3.20.0 - 26-03-2024 *\/\n.elementor-widget-text-editor.elementor-drop-cap-view-stacked .elementor-drop-cap{background-color:#69727d;color:#fff}.elementor-widget-text-editor.elementor-drop-cap-view-framed .elementor-drop-cap{color:#69727d;border:3px solid;background-color:transparent}.elementor-widget-text-editor:not(.elementor-drop-cap-view-default) .elementor-drop-cap{margin-top:8px}.elementor-widget-text-editor:not(.elementor-drop-cap-view-default) .elementor-drop-cap-letter{width:1em;height:1em}.elementor-widget-text-editor .elementor-drop-cap{float:left;text-align:center;line-height:1;font-size:50px}.elementor-widget-text-editor .elementor-drop-cap-letter{display:inline-block}<\/style>\t\t\t\tBuuR Couture, o\u00f9 l'\u00e9l\u00e9gance africaine rencontre le luxe moderne. Fond\u00e9e en 2014, BuuR est plus qu'une simple marque de mode ; c\u2019est une c\u00e9l\u00e9bration de la royaut\u00e9, inspir\u00e9e par le riche patrimoine du S\u00e9n\u00e9gal. Nos cr\u00e9ations m\u00e9ticuleusement con\u00e7ues fusionnent des motifs africains traditionnels avec une touche contemporaine, ce qui donne lieu \u00e0 des v\u00eatements et accessoires de pr\u00eat-\u00e0-porter qui respirent la sophistication.\t\t\t\t\t\t<\/div>\n\t\t\t\t<\/div>\n\t\t\t\t\t<\/div>\n\t\t<\/div>\n\t\t\t\t<div class=\"elementor-column elementor-col-50 elementor-top-column elementor-element elementor-element-61e03504\" data-id=\"61e03504\" data-element_type=\"column\" data-settings=\"{&quot;background_background&quot;:&quot;classic&quot;}\">\n\t\t\t<div class=\"elementor-widget-wrap elementor-element-populated\">\n\t\t\t\t\t\t<div class=\"elementor-element elementor-element-5720f3ac elementor-widget elementor-widget-image\" data-id=\"5720f3ac\" data-element_type=\"widget\" data-widget_type=\"image.default\">\n\t\t\t\t<div class=\"elementor-widget-container\">\n\t\t\t<style>\/*! elementor - v3.20.0 - 26-03-2024 *\/\n.elementor-widget-image{text-align:center}.elementor-widget-image a{display:inline-block}.elementor-widget-image a img[src$=\".svg\"]{width:48px}.elementor-widget-image img{vertical-align:middle;display:inline-block}<\/style>\t\t\t\t\t\t\t\t\t\t<img fetchpriority=\"high\" decoding=\"async\" width=\"355\" height=\"409\" src=\"https:\/\/buur.devmoagency.com\/wp-content\/uploads\/2021\/08\/Buur_Logo-e1712270293506.png\" class=\"attachment-large size-large wp-image-1828 wvs-archive-product-image\" alt=\"\" srcset=\"https:\/\/buur.devmoagency.com\/wp-content\/uploads\/2021\/08\/Buur_Logo-e1712270293506.png 355w, https:\/\/buur.devmoagency.com\/wp-content\/uploads\/2021\/08\/Buur_Logo-e1712270293506-260x300.png 260w, https:\/\/buur.devmoagency.com\/wp-content\/uploads\/2021\/08\/Buur_Logo-e1712270293506-10x12.png 10w\" sizes=\"(max-width: 355px) 100vw, 355px\" \/>\t\t\t\t\t\t\t\t\t\t\t\t\t<\/div>\n\t\t\t\t<\/div>\n\t\t\t\t\t<\/div>\n\t\t<\/div>\n\t\t\t\t\t<\/div>\n\t\t<\/section>\n\t\t\t\t<section data-particle_enable=\"false\" data-particle-mobile-disabled=\"false\" class=\"elementor-section elementor-top-section elementor-element elementor-element-32522f2c elementor-section-content-middle elementor-section-full_width elementor-reverse-mobile elementor-section-height-default elementor-section-height-default\" data-id=\"32522f2c\" data-element_type=\"section\">\n\t\t\t\t\t\t<div class=\"elementor-container elementor-column-gap-no\">\n\t\t\t\t\t<div class=\"elementor-column elementor-col-50 elementor-top-column elementor-element elementor-element-692c2c22\" data-id=\"692c2c22\" data-element_type=\"column\">\n\t\t\t<div class=\"elementor-widget-wrap elementor-element-populated\">\n\t\t\t\t\t\t<div class=\"elementor-element elementor-element-7faec884 elementor-widget elementor-widget-image\" data-id=\"7faec884\" data-element_type=\"widget\" data-widget_type=\"image.default\">\n\t\t\t\t<div class=\"elementor-widget-container\">\n\t\t\t\t\t\t\t\t\t\t\t\t\t<img decoding=\"async\" width=\"575\" height=\"1024\" src=\"https:\/\/buur.devmoagency.com\/wp-content\/uploads\/2024\/03\/P1125658-copie-575x1024.jpg\" class=\"attachment-large size-large wp-image-1345 wvs-archive-product-image\" alt=\"\" srcset=\"https:\/\/buur.devmoagency.com\/wp-content\/uploads\/2024\/03\/P1125658-copie-575x1024.jpg 575w, https:\/\/buur.devmoagency.com\/wp-content\/uploads\/2024\/03\/P1125658-copie-168x300.jpg 168w, https:\/\/buur.devmoagency.com\/wp-content\/uploads\/2024\/03\/P1125658-copie-768x1368.jpg 768w, https:\/\/buur.devmoagency.com\/wp-content\/uploads\/2024\/03\/P1125658-copie-862x1536.jpg 862w, https:\/\/buur.devmoagency.com\/wp-content\/uploads\/2024\/03\/P1125658-copie-1150x2048.jpg 1150w, https:\/\/buur.devmoagency.com\/wp-content\/uploads\/2024\/03\/P1125658-copie-600x1069.jpg 600w, https:\/\/buur.devmoagency.com\/wp-content\/uploads\/2024\/03\/P1125658-copie-scaled.jpg 1437w\" sizes=\"(max-width: 575px) 100vw, 575px\" \/>\t\t\t\t\t\t\t\t\t\t\t\t\t<\/div>\n\t\t\t\t<\/div>\n\t\t\t\t\t<\/div>\n\t\t<\/div>\n\t\t\t\t<div class=\"elementor-column elementor-col-50 elementor-top-column elementor-element elementor-element-6899e51\" data-id=\"6899e51\" data-element_type=\"column\">\n\t\t\t<div class=\"elementor-widget-wrap elementor-element-populated\">\n\t\t\t\t\t\t<div class=\"elementor-element elementor-element-7e59feed elementor-widget elementor-widget-heading\" data-id=\"7e59feed\" data-element_type=\"widget\" data-widget_type=\"heading.default\">\n\t\t\t\t<div class=\"elementor-widget-container\">\n\t\t\t<h2 class=\"elementor-heading-title elementor-size-default\">Notre Mission<\/h2>\t\t<\/div>\n\t\t\t\t<\/div>\n\t\t\t\t<div class=\"elementor-element elementor-element-758f2ebb elementor-widget elementor-widget-text-editor\" data-id=\"758f2ebb\" data-element_type=\"widget\" data-widget_type=\"text-editor.default\">\n\t\t\t\t<div class=\"elementor-widget-container\">\n\t\t\t\t\t\t\tChez BUUR, nous croyons en plus que la mode ; nous croyons en la philanthropie. <br>C'est pourquoi <strong>15% de nos b\u00e9n\u00e9fices<\/strong> va en soutien des orphelins et des familles pauvres au S\u00e9n\u00e9gal, car redonner est aussi \u00e9l\u00e9gant que nos cr\u00e9ations.\t\t\t\t\t\t<\/div>\n\t\t\t\t<\/div>\n\t\t\t\t\t<\/div>\n\t\t<\/div>\n\t\t\t\t\t<\/div>\n\t\t<\/section>\n\t\t\t\t<section data-particle_enable=\"false\" data-particle-mobile-disabled=\"false\" class=\"elementor-section elementor-top-section elementor-element elementor-element-388c0a4c elementor-section-content-middle elementor-section-full_width elementor-section-height-default elementor-section-height-default\" data-id=\"388c0a4c\" data-element_type=\"section\">\n\t\t\t\t\t\t<div class=\"elementor-container elementor-column-gap-no\">\n\t\t\t\t\t<div class=\"elementor-column elementor-col-50 elementor-top-column elementor-element elementor-element-6fdd9ccc\" data-id=\"6fdd9ccc\" data-element_type=\"column\">\n\t\t\t<div class=\"elementor-widget-wrap elementor-element-populated\">\n\t\t\t\t\t\t<div class=\"elementor-element elementor-element-60dccfb6 elementor-widget elementor-widget-heading\" data-id=\"60dccfb6\" data-element_type=\"widget\" data-widget_type=\"heading.default\">\n\t\t\t\t<div class=\"elementor-widget-container\">\n\t\t\t<h2 class=\"elementor-heading-title elementor-size-default\">Pourquoi Nous ?<\/h2>\t\t<\/div>\n\t\t\t\t<\/div>\n\t\t\t\t<div class=\"elementor-element elementor-element-64b131d3 elementor-widget elementor-widget-text-editor\" data-id=\"64b131d3\" data-element_type=\"widget\" data-widget_type=\"text-editor.default\">\n\t\t\t\t<div class=\"elementor-widget-container\">\n\t\t\t\t\t\t\tDe nos T-shirts BuuR embl\u00e9matiques \u00e0 notre gamme croissante d'accessoires, chaque pi\u00e8ce BUUR est une d\u00e9claration d'\u00e9l\u00e9gance et d'authenticit\u00e9. Nous ne concevons pas seulement des v\u00eatements ; nous organisons des exp\u00e9riences o\u00f9 chaque point raconte une histoire d'exploration culturelle et de cr\u00e9ativit\u00e9.\n<br><br>\nRejoignez-nous dans un voyage de d\u00e9couverte, o\u00f9 la tradition rencontre l'innovation et o\u00f9 le luxe ne conna\u00eet pas de limites. D\u00e9couvrez BUUR Couture \u2013 o\u00f9 chaque v\u00eatement est un chef-d'\u0153uvre et chaque porteur est une royaut\u00e9.\n\t\t\t\t\t\t<\/div>\n\t\t\t\t<\/div>\n\t\t\t\t\t<\/div>\n\t\t<\/div>\n\t\t\t\t<div class=\"elementor-column elementor-col-50 elementor-top-column elementor-element elementor-element-4a149b94\" data-id=\"4a149b94\" data-element_type=\"column\">\n\t\t\t<div class=\"elementor-widget-wrap elementor-element-populated\">\n\t\t\t\t\t\t<div class=\"elementor-element elementor-element-d65277d elementor-widget elementor-widget-image\" data-id=\"d65277d\" data-element_type=\"widget\" data-widget_type=\"image.default\">\n\t\t\t\t<div class=\"elementor-widget-container\">\n\t\t\t\t\t\t\t\t\t\t\t\t\t<img decoding=\"async\" width=\"312\" height=\"556\" src=\"https:\/\/buur.devmoagency.com\/wp-content\/uploads\/2021\/08\/Buur-Joggers.jpg\" class=\"attachment-large size-large wp-image-1910 wvs-archive-product-image\" alt=\"\" srcset=\"https:\/\/buur.devmoagency.com\/wp-content\/uploads\/2021\/08\/Buur-Joggers.jpg 312w, https:\/\/buur.devmoagency.com\/wp-content\/uploads\/2021\/08\/Buur-Joggers-168x300.jpg 168w, https:\/\/buur.devmoagency.com\/wp-content\/uploads\/2021\/08\/Buur-Joggers-7x12.jpg 7w\" sizes=\"(max-width: 312px) 100vw, 312px\" \/>\t\t\t\t\t\t\t\t\t\t\t\t\t<\/div>\n\t\t\t\t<\/div>\n\t\t\t\t\t<\/div>\n\t\t<\/div>\n\t\t\t\t\t<\/div>\n\t\t<\/section>\n\t\t\t\t<section data-particle_enable=\"false\" data-particle-mobile-disabled=\"false\" class=\"elementor-section elementor-top-section elementor-element elementor-element-328fddf5 elementor-section-content-middle elementor-reverse-tablet elementor-reverse-mobile elementor-section-boxed elementor-section-height-default elementor-section-height-default\" data-id=\"328fddf5\" data-element_type=\"section\" data-settings=\"{&quot;background_background&quot;:&quot;classic&quot;}\">\n\t\t\t\t\t\t\t<div class=\"elementor-background-overlay\"><\/div>\n\t\t\t\t\t\t\t<div class=\"elementor-container elementor-column-gap-no\">\n\t\t\t\t\t<div class=\"elementor-column elementor-col-100 elementor-top-column elementor-element elementor-element-6bf07e0\" data-id=\"6bf07e0\" data-element_type=\"column\">\n\t\t\t<div class=\"elementor-widget-wrap elementor-element-populated\">\n\t\t\t\t\t\t<div class=\"elementor-element elementor-element-406ac85 elementor-widget elementor-widget-heading\" data-id=\"406ac85\" data-element_type=\"widget\" data-widget_type=\"heading.default\">\n\t\t\t\t<div class=\"elementor-widget-container\">\n\t\t\t<h2 class=\"elementor-heading-title elementor-size-default\">Point de vente<\/h2>\t\t<\/div>\n\t\t\t\t<\/div>\n\t\t\t\t<div class=\"elementor-element elementor-element-3a52c5e elementor-widget elementor-widget-google_maps\" data-id=\"3a52c5e\" data-element_type=\"widget\" data-widget_type=\"google_maps.default\">\n\t\t\t\t<div class=\"elementor-widget-container\">\n\t\t\t<style>\/*! elementor - v3.20.0 - 26-03-2024 *\/\n.elementor-widget-google_maps .elementor-widget-container{overflow:hidden}.elementor-widget-google_maps .elementor-custom-embed{line-height:0}.elementor-widget-google_maps iframe{height:300px}<\/style>\t\t<div class=\"elementor-custom-embed\">\n\t\t\t<iframe loading=\"lazy\"\n\t\t\t\t\tsrc=\"https:\/\/maps.google.com\/maps?q=teranga%20lounge%20boutique&#038;t=m&#038;z=18&#038;output=embed&#038;iwloc=near\"\n\t\t\t\t\ttitle=\"teranga lounge boutique\"\n\t\t\t\t\taria-label=\"teranga lounge boutique\"\n\t\t\t><\/iframe>\n\t\t<\/div>\n\t\t\t\t<\/div>\n\t\t\t\t<\/div>\n\t\t\t\t\t<\/div>\n\t\t<\/div>\n\t\t\t\t\t<\/div>\n\t\t<\/section>\n\t\t\t\t<\/div>","protected":false},"excerpt":{"rendered":"<p>About Us\u200b Introducing BuuR Couture, where African elegance meets modern luxury. Founded in 2014, BuuR is more than just a fashion brand; it&#8217;s a celebration of royalty, inspired by the rich heritage of Senegal. Our meticulously crafted designs fuse traditional African motifs with contemporary flair, resulting in ready-to-wear clothing and accessories that exude sophistication. Our [&hellip;]<\/p>","protected":false},"author":1,"featured_media":0,"parent":0,"menu_order":0,"comment_status":"closed","ping_status":"closed","template":"","meta":{"site-sidebar-layout":"no-sidebar","site-content-layout":"page-builder","ast-site-content-layout":"","site-content-style":"default","site-sidebar-style":"default","ast-global-header-display":"","ast-banner-title-visibility":"","ast-main-header-display":"","ast-hfb-above-header-display":"","ast-hfb-below-header-display":"","ast-hfb-mobile-header-display":"","site-post-title":"disabled","ast-breadcrumbs-content":"disabled","ast-featured-img":"disabled","footer-sml-layout":"","theme-transparent-header-meta":"default","adv-header-id-meta":"","stick-header-meta":"","header-above-stick-meta":"","header-main-stick-meta":"","header-below-stick-meta":"","astra-migrate-meta-layouts":"default","ast-page-background-enabled":"default","ast-page-background-meta":{"desktop":{"background-color":"var(--ast-global-color-4)","background-image":"","background-repeat":"repeat","background-position":"center center","background-size":"auto","background-attachment":"scroll","background-type":"","background-media":"","overlay-type":"","overlay-color":"","overlay-gradient":""},"tablet":{"background-color":"","background-image":"","background-repeat":"repeat","background-position":"center center","background-size":"auto","background-attachment":"scroll","background-type":"","background-media":"","overlay-type":"","overlay-color":"","overlay-gradient":""},"mobile":{"background-color":"","background-image":"","background-repeat":"repeat","background-position":"center center","background-size":"auto","background-attachment":"scroll","background-type":"","background-media":"","overlay-type":"","overlay-color":"","overlay-gradient":""}},"ast-content-background-meta":{"desktop":{"background-color":"var(--ast-global-color-5)","background-image":"","background-repeat":"repeat","background-position":"center center","background-size":"auto","background-attachment":"scroll","background-type":"","background-media":"","overlay-type":"","overlay-color":"","overlay-gradient":""},"tablet":{"background-color":"var(--ast-global-color-5)","background-image":"","background-repeat":"repeat","background-position":"center center","background-size":"auto","background-attachment":"scroll","background-type":"","background-media":"","overlay-type":"","overlay-color":"","overlay-gradient":""},"mobile":{"background-color":"var(--ast-global-color-5)","background-image":"","background-repeat":"repeat","background-position":"center center","background-size":"auto","background-attachment":"scroll","background-type":"","background-media":"","overlay-type":"","overlay-color":"","overlay-gradient":""}},"footnotes":""},"yoast_head":"<!-- This site is optimized with the Yoast SEO plugin v24.5 - https:\/\/yoast.com\/wordpress\/plugins\/seo\/ -->\n<title>About - BuuR<\/title>\n<meta name=\"robots\" content=\"index, follow, max-snippet:-1, max-image-preview:large, max-video-preview:-1\" \/>\n<link rel=\"canonical\" href=\"https:\/\/buur.devmoagency.com\/fr\/about\/\" \/>\n<meta property=\"og:locale\" content=\"fr_FR\" \/>\n<meta property=\"og:type\" content=\"article\" \/>\n<meta property=\"og:title\" content=\"About - BuuR\" \/>\n<meta property=\"og:description\" content=\"About Us\u200b Introducing BuuR Couture, where African elegance meets modern luxury. Founded in 2014, BuuR is more than just a fashion brand; it&#8217;s a celebration of royalty, inspired by the rich heritage of Senegal. Our meticulously crafted designs fuse traditional African motifs with contemporary flair, resulting in ready-to-wear clothing and accessories that exude sophistication. Our [&hellip;]\" \/>\n<meta property=\"og:url\" content=\"https:\/\/buur.devmoagency.com\/fr\/about\/\" \/>\n<meta property=\"og:site_name\" content=\"BuuR\" \/>\n<meta property=\"article:modified_time\" content=\"2024-06-05T14:48:42+00:00\" \/>\n<meta property=\"og:image\" content=\"https:\/\/buur.devmoagency.com\/wp-content\/uploads\/2021\/08\/Buur_Logo-e1712270293506.png\" \/>\n<meta name=\"twitter:card\" content=\"summary_large_image\" \/>\n<meta name=\"twitter:label1\" content=\"Dur\u00e9e de lecture estim\u00e9e\" \/>\n\t<meta name=\"twitter:data1\" content=\"2 minutes\" \/>\n<script type=\"application\/ld+json\" class=\"yoast-schema-graph\">{\"@context\":\"https:\/\/schema.org\",\"@graph\":[{\"@type\":\"WebPage\",\"@id\":\"https:\/\/buur.devmoagency.com\/about\/\",\"url\":\"https:\/\/buur.devmoagency.com\/about\/\",\"name\":\"About - BuuR\",\"isPartOf\":{\"@id\":\"https:\/\/buur.devmoagency.com\/#website\"},\"primaryImageOfPage\":{\"@id\":\"https:\/\/buur.devmoagency.com\/about\/#primaryimage\"},\"image\":{\"@id\":\"https:\/\/buur.devmoagency.com\/about\/#primaryimage\"},\"thumbnailUrl\":\"https:\/\/buur.devmoagency.com\/wp-content\/uploads\/2021\/08\/Buur_Logo-e1712270293506.png\",\"datePublished\":\"2021-08-18T05:35:45+00:00\",\"dateModified\":\"2024-06-05T14:48:42+00:00\",\"breadcrumb\":{\"@id\":\"https:\/\/buur.devmoagency.com\/about\/#breadcrumb\"},\"inLanguage\":\"fr-FR\",\"potentialAction\":[{\"@type\":\"ReadAction\",\"target\":[\"https:\/\/buur.devmoagency.com\/about\/\"]}]},{\"@type\":\"ImageObject\",\"inLanguage\":\"fr-FR\",\"@id\":\"https:\/\/buur.devmoagency.com\/about\/#primaryimage\",\"url\":\"https:\/\/buur.devmoagency.com\/wp-content\/uploads\/2021\/08\/Buur_Logo-e1712270293506.png\",\"contentUrl\":\"https:\/\/buur.devmoagency.com\/wp-content\/uploads\/2021\/08\/Buur_Logo-e1712270293506.png\"},{\"@type\":\"BreadcrumbList\",\"@id\":\"https:\/\/buur.devmoagency.com\/about\/#breadcrumb\",\"itemListElement\":[{\"@type\":\"ListItem\",\"position\":1,\"name\":\"Home\",\"item\":\"https:\/\/buur.devmoagency.com\/\"},{\"@type\":\"ListItem\",\"position\":2,\"name\":\"About\"}]},{\"@type\":\"WebSite\",\"@id\":\"https:\/\/buur.devmoagency.com\/#website\",\"url\":\"https:\/\/buur.devmoagency.com\/\",\"name\":\"BuuR\",\"description\":\"Where African elegance meets modern luxury\",\"publisher\":{\"@id\":\"https:\/\/buur.devmoagency.com\/#organization\"},\"potentialAction\":[{\"@type\":\"SearchAction\",\"target\":{\"@type\":\"EntryPoint\",\"urlTemplate\":\"https:\/\/buur.devmoagency.com\/?s={search_term_string}\"},\"query-input\":{\"@type\":\"PropertyValueSpecification\",\"valueRequired\":true,\"valueName\":\"search_term_string\"}}],\"inLanguage\":\"fr-FR\"},{\"@type\":\"Organization\",\"@id\":\"https:\/\/buur.devmoagency.com\/#organization\",\"name\":\"BuuR\",\"url\":\"https:\/\/buur.devmoagency.com\/\",\"logo\":{\"@type\":\"ImageObject\",\"inLanguage\":\"fr-FR\",\"@id\":\"https:\/\/buur.devmoagency.com\/#\/schema\/logo\/image\/\",\"url\":\"https:\/\/buur.devmoagency.com\/wp-content\/uploads\/2021\/08\/Buur_Logo-e1712270293506.png\",\"contentUrl\":\"https:\/\/buur.devmoagency.com\/wp-content\/uploads\/2021\/08\/Buur_Logo-e1712270293506.png\",\"width\":355,\"height\":409,\"caption\":\"BuuR\"},\"image\":{\"@id\":\"https:\/\/buur.devmoagency.com\/#\/schema\/logo\/image\/\"}}]}<\/script>\n<!-- \/ Yoast SEO plugin. -->","yoast_head_json":{"title":"About - BuuR","robots":{"index":"index","follow":"follow","max-snippet":"max-snippet:-1","max-image-preview":"max-image-preview:large","max-video-preview":"max-video-preview:-1"},"canonical":"https:\/\/buur.devmoagency.com\/fr\/about\/","og_locale":"fr_FR","og_type":"article","og_title":"About - BuuR","og_description":"About Us\u200b Introducing BuuR Couture, where African elegance meets modern luxury. Founded in 2014, BuuR is more than just a fashion brand; it&#8217;s a celebration of royalty, inspired by the rich heritage of Senegal. Our meticulously crafted designs fuse traditional African motifs with contemporary flair, resulting in ready-to-wear clothing and accessories that exude sophistication. Our [&hellip;]","og_url":"https:\/\/buur.devmoagency.com\/fr\/about\/","og_site_name":"BuuR","article_modified_time":"2024-06-05T14:48:42+00:00","og_image":[{"url":"https:\/\/buur.devmoagency.com\/wp-content\/uploads\/2021\/08\/Buur_Logo-e1712270293506.png","type":"","width":"","height":""}],"twitter_card":"summary_large_image","twitter_misc":{"Dur\u00e9e de lecture estim\u00e9e":"2 minutes"},"schema":{"@context":"https:\/\/schema.org","@graph":[{"@type":"WebPage","@id":"https:\/\/buur.devmoagency.com\/about\/","url":"https:\/\/buur.devmoagency.com\/about\/","name":"About - BuuR","isPartOf":{"@id":"https:\/\/buur.devmoagency.com\/#website"},"primaryImageOfPage":{"@id":"https:\/\/buur.devmoagency.com\/about\/#primaryimage"},"image":{"@id":"https:\/\/buur.devmoagency.com\/about\/#primaryimage"},"thumbnailUrl":"https:\/\/buur.devmoagency.com\/wp-content\/uploads\/2021\/08\/Buur_Logo-e1712270293506.png","datePublished":"2021-08-18T05:35:45+00:00","dateModified":"2024-06-05T14:48:42+00:00","breadcrumb":{"@id":"https:\/\/buur.devmoagency.com\/about\/#breadcrumb"},"inLanguage":"fr-FR","potentialAction":[{"@type":"ReadAction","target":["https:\/\/buur.devmoagency.com\/about\/"]}]},{"@type":"ImageObject","inLanguage":"fr-FR","@id":"https:\/\/buur.devmoagency.com\/about\/#primaryimage","url":"https:\/\/buur.devmoagency.com\/wp-content\/uploads\/2021\/08\/Buur_Logo-e1712270293506.png","contentUrl":"https:\/\/buur.devmoagency.com\/wp-content\/uploads\/2021\/08\/Buur_Logo-e1712270293506.png"},{"@type":"BreadcrumbList","@id":"https:\/\/buur.devmoagency.com\/about\/#breadcrumb","itemListElement":[{"@type":"ListItem","position":1,"name":"Home","item":"https:\/\/buur.devmoagency.com\/"},{"@type":"ListItem","position":2,"name":"About"}]},{"@type":"WebSite","@id":"https:\/\/buur.devmoagency.com\/#website","url":"https:\/\/buur.devmoagency.com\/","name":"BuuR","description":"Where African elegance meets modern luxury","publisher":{"@id":"https:\/\/buur.devmoagency.com\/#organization"},"potentialAction":[{"@type":"SearchAction","target":{"@type":"EntryPoint","urlTemplate":"https:\/\/buur.devmoagency.com\/?s={search_term_string}"},"query-input":{"@type":"PropertyValueSpecification","valueRequired":true,"valueName":"search_term_string"}}],"inLanguage":"fr-FR"},{"@type":"Organization","@id":"https:\/\/buur.devmoagency.com\/#organization","name":"BuuR","url":"https:\/\/buur.devmoagency.com\/","logo":{"@type":"ImageObject","inLanguage":"fr-FR","@id":"https:\/\/buur.devmoagency.com\/#\/schema\/logo\/image\/","url":"https:\/\/buur.devmoagency.com\/wp-content\/uploads\/2021\/08\/Buur_Logo-e1712270293506.png","contentUrl":"https:\/\/buur.devmoagency.com\/wp-content\/uploads\/2021\/08\/Buur_Logo-e1712270293506.png","width":355,"height":409,"caption":"BuuR"},"image":{"@id":"https:\/\/buur.devmoagency.com\/#\/schema\/logo\/image\/"}}]}},"_links":{"self":[{"href":"https:\/\/buur.devmoagency.com\/fr\/wp-json\/wp\/v2\/pages\/252"}],"collection":[{"href":"https:\/\/buur.devmoagency.com\/fr\/wp-json\/wp\/v2\/pages"}],"about":[{"href":"https:\/\/buur.devmoagency.com\/fr\/wp-json\/wp\/v2\/types\/page"}],"author":[{"embeddable":true,"href":"https:\/\/buur.devmoagency.com\/fr\/wp-json\/wp\/v2\/users\/1"}],"replies":[{"embeddable":true,"href":"https:\/\/buur.devmoagency.com\/fr\/wp-json\/wp\/v2\/comments?post=252"}],"version-history":[{"count":0,"href":"https:\/\/buur.devmoagency.com\/fr\/wp-json\/wp\/v2\/pages\/252\/revisions"}],"wp:attachment":[{"href":"https:\/\/buur.devmoagency.com\/fr\/wp-json\/wp\/v2\/media?parent=252"}],"curies":[{"name":"wp","href":"https:\/\/api.w.org\/{rel}","templated":true}]}}